{"id":17953,"date":"2019-10-30T15:22:31","date_gmt":"2019-10-30T14:22:31","guid":{"rendered":"https:\/\/fondazioneravasio.it\/museo\/didattica-2\/"},"modified":"2025-06-19T16:21:25","modified_gmt":"2025-06-19T14:21:25","slug":"didattica","status":"publish","type":"page","link":"https:\/\/fondazioneravasio.it\/museo\/didattica\/","title":{"rendered":"Didattica &#8211; Museo del Burattino"},"content":{"rendered":"<div id=\"cmsmasters_row_\" class=\"cmsmasters_row cmsmasters_color_scheme_default cmsmasters_row_top_default cmsmasters_row_bot_default cmsmasters_row_boxed\">\n<div class=\"cmsmasters_row_outer_parent\">\n<div class=\"cmsmasters_row_outer\">\n<div class=\"cmsmasters_row_inner\">\n<div class=\"cmsmasters_row_margin\">\n<div id=\"cmsmasters_column_\" class=\"cmsmasters_column one_first\">\n<div class=\"cmsmasters_column_inner\"><div class=\"cmsmasters_text\">\n<p>&nbsp;<\/p>\n<\/div>\n<\/div><\/div>\n<\/div>\n<\/div>\n<\/div>\n<\/div>\n<\/div>\n<div id=\"cmsmasters_row_iil1z7a1ka\" class=\"cmsmasters_row cmsmasters_color_scheme_default cmsmasters_row_top_default cmsmasters_row_bot_default cmsmasters_row_boxed\">\n<div class=\"cmsmasters_row_outer_parent\">\n<div class=\"cmsmasters_row_overlay\"><\/div>\n<div class=\"cmsmasters_row_outer\">\n<div class=\"cmsmasters_row_inner\">\n<div class=\"cmsmasters_row_margin\">\n<div id=\"cmsmasters_column_235yxw20tv\" class=\"cmsmasters_column one_first\">\n<div class=\"cmsmasters_column_inner\"><div id=\"cmsmasters_heading_3av90vgoaw\" class=\"cmsmasters_heading_wrap cmsmasters_heading_align_center\">\n\t<h1 class=\"cmsmasters_heading\">Didattica<\/h1>\n<\/div>\n<\/div><\/div>\n<\/div>\n<\/div>\n<\/div>\n<\/div>\n<\/div>\n<div id=\"cmsmasters_row_\" class=\"cmsmasters_row cmsmasters_color_scheme_default cmsmasters_row_top_default cmsmasters_row_bot_default cmsmasters_row_boxed\">\n<div class=\"cmsmasters_row_outer_parent\">\n<div class=\"cmsmasters_row_outer\">\n<div class=\"cmsmasters_row_inner\">\n<div class=\"cmsmasters_row_margin\">\n<div id=\"cmsmasters_column_\" class=\"cmsmasters_column one_first\">\n<div class=\"cmsmasters_column_inner\"><div class=\"cmsmasters_text\">\n<p>&nbsp;<\/p>\n<\/div>\n<\/div><\/div>\n<\/div>\n<\/div>\n<\/div>\n<\/div>\n<\/div>\n<div id=\"cmsmasters_row_ql4f78ir2\" class=\"cmsmasters_row cmsmasters_color_scheme_default cmsmasters_row_top_default cmsmasters_row_bot_default cmsmasters_row_boxed\">\n<div class=\"cmsmasters_row_outer_parent\">\n<div class=\"cmsmasters_row_outer\">\n<div class=\"cmsmasters_row_inner\">\n<div class=\"cmsmasters_row_margin\">\n<div id=\"cmsmasters_column_lkbwwpxi5i\" class=\"cmsmasters_column one_first\">\n<div class=\"cmsmasters_column_inner\"><div id=\"cmsmasters_heading_ifmy0i3lhk\" class=\"cmsmasters_heading_wrap cmsmasters_heading_align_left\">\n\t<h5 class=\"cmsmasters_heading\">Didattica<\/h5>\n<\/div><div id=\"cmsmasters_heading_ykg3nebstj\" class=\"cmsmasters_heading_wrap cmsmasters_heading_align_left\">\n\t<h2 class=\"cmsmasters_heading\">Far conoscere e dare valore, attraverso attivit\u00e0 educative, creative, espressive e di ricerca, al ricco patrimonio di storie, oggetti e saperi custodito dalla Fondazione Ravasio \u2013 Museo del Burattino ETS, per renderlo vivo, attuale e alla portata di tutti. <\/h2>\n<\/div>\n<\/div><\/div>\n<\/div>\n<\/div>\n<\/div>\n<\/div>\n<\/div>\n<div id=\"cmsmasters_row_90e3o0mdw8\" class=\"cmsmasters_row cmsmasters_color_scheme_default cmsmasters_row_top_default cmsmasters_row_bot_default cmsmasters_row_boxed\">\n<div class=\"cmsmasters_row_outer_parent\">\n<div class=\"cmsmasters_row_outer\">\n<div class=\"cmsmasters_row_inner\">\n<div class=\"cmsmasters_row_margin\">\n<div id=\"cmsmasters_column_m5l0fc8u4w\" class=\"cmsmasters_column one_third\">\n<div class=\"cmsmasters_column_inner\"><div id=\"cmsmasters_button_xwy0ppm2e\" class=\"button_wrap\"><a href=\"https:\/\/fondazioneravasio.it\/museo\/didattica-scuola\/\" class=\"cmsmasters_button\" data-animation=\"bounceInUp\" data-delay=\"0\"><span>Scuole<\/span><\/a><\/div>\n<\/div><\/div>\n<div id=\"cmsmasters_column_adx5bvbcls\" class=\"cmsmasters_column one_third\">\n<div class=\"cmsmasters_column_inner\"><div id=\"cmsmasters_button_dsyu4prbdd\" class=\"button_wrap\"><a href=\"https:\/\/fondazioneravasio.it\/museo\/didattica-adulti\/\" class=\"cmsmasters_button\" data-animation=\"bounceInUp\" data-delay=\"0\"><span>Pubblico adulto &amp; famiglie<\/span><\/a><\/div>\n<\/div><\/div>\n<div id=\"cmsmasters_column_rhv2y7y5ee\" class=\"cmsmasters_column one_third\">\n<div class=\"cmsmasters_column_inner\"><div id=\"cmsmasters_button_om9nzfh68r\" class=\"button_wrap\"><a href=\"https:\/\/fondazioneravasio.it\/museo\/didattica-accessibile\/\" class=\"cmsmasters_button\" data-animation=\"bounceInUp\" data-delay=\"0\"><span>Accessibilit\u00e0<\/span><\/a><\/div>\n<\/div><\/div>\n<\/div>\n<\/div>\n<\/div>\n<\/div>\n<\/div>\n<div id=\"cmsmasters_row_t1ckutsnxk\" class=\"cmsmasters_row cmsmasters_color_scheme_default cmsmasters_row_top_default cmsmasters_row_bot_default cmsmasters_row_boxed\">\n<div class=\"cmsmasters_row_outer_parent\">\n<div class=\"cmsmasters_row_outer\">\n<div class=\"cmsmasters_row_inner\">\n<div class=\"cmsmasters_row_margin cmsmasters_row_columns_behavior\">\n<div id=\"cmsmasters_column_iwglb4vt8\" class=\"cmsmasters_column one_half\">\n<div class=\"cmsmasters_column_inner\">\n<div id=\"cmsmasters_divider_opaw0d0249\" class=\"cmsmasters_divider cmsmasters_divider_width_long cmsmasters_divider_pos_left\"><\/div>\n<div id=\"cmsmasters_heading_khhkg4pran\" class=\"cmsmasters_heading_wrap cmsmasters_heading_align_left\">\n\t<h2 class=\"cmsmasters_heading\">Educare con il Teatro di Figura<\/h2>\n<\/div>\n<div id=\"cmsmasters_divider_a0smadrns\" class=\"cmsmasters_divider cmsmasters_divider_width_long cmsmasters_divider_pos_left\"><\/div>\n<div class=\"cmsmasters_text\">\n<p>Un patrimonio da vivere<\/p>\n<p>I <strong>Servizi Educativi<\/strong> della Fondazione Ravasio \u2013 Museo del Burattino ETS offrono un\u2019esperienza didattica unica: un viaggio nel cuore del <strong>Teatro di Figura<\/strong>, tra burattini, storie, scenografie, saperi e nuovi linguaggi espressivi.<br \/>\nAttraverso attivit\u00e0 pensate per scuole \u2013 <em>dall\u2019infanzia alle superiori<\/em> \u2013, per adulti e famiglie e per persone fragili, il Museo si trasforma in uno spazio vivo, inclusivo e dinamico.<\/p>\n<p>L\u2019obiettivo \u00e8 semplice e profondo: <strong>educare alla bellezza, alla creativit\u00e0, alla memoria e alla relazione<\/strong>, facendo dialogare le nuove generazioni con un patrimonio materiale e immateriale prezioso.<\/p>\n<\/div>\n<\/div><\/div>\n<div id=\"cmsmasters_column_4ncajv1q\" class=\"cmsmasters_column one_half\">\n<div class=\"cmsmasters_column_inner\">\n<div id=\"cmsmasters_divider_79izyx8kc5\" class=\"cmsmasters_divider cmsmasters_divider_width_long cmsmasters_divider_pos_left\"><\/div>\n<div id=\"cmsmasters_heading_9jb1fw1u98\" class=\"cmsmasters_heading_wrap cmsmasters_heading_align_left\">\n\t<h2 class=\"cmsmasters_heading\">Non solo scuola<\/h2>\n<\/div>\n<div id=\"cmsmasters_divider_u5dggjt3bk\" class=\"cmsmasters_divider cmsmasters_divider_width_long cmsmasters_divider_pos_left\"><\/div>\n<div class=\"cmsmasters_text\">\n<p>Accanto ai percorsi scolastici, il Museo propone durante l\u2019anno:<\/p>\n<ul>\n<li><strong>attivit\u00e0 per famiglie, adulti e under30<\/strong><\/li>\n<li><strong>laboratori tematici<\/strong><\/li>\n<li><strong>iniziative speciali per l\u2019inclusione sociale e l\u2019accessibilit\u00e0 culturale<\/strong><\/li>\n<\/ul>\n<p>Perch\u00e9 il Teatro di Figura \u00e8 patrimonio di tutti e strumento per costruire comunit\u00e0 pi\u00f9 consapevoli, partecipative e sensibili.<\/p>\n<\/div>\n<\/div><\/div>\n<\/div>\n<\/div>\n<\/div>\n<\/div>\n<\/div>\n<div id=\"cmsmasters_row_lqgpcf7xe\" class=\"cmsmasters_row cmsmasters_color_scheme_default cmsmasters_row_top_default cmsmasters_row_bot_default cmsmasters_row_boxed\">\n<div class=\"cmsmasters_row_outer_parent\">\n<div class=\"cmsmasters_row_outer\">\n<div class=\"cmsmasters_row_inner\">\n<div class=\"cmsmasters_row_margin cmsmasters_row_columns_behavior\">\n<div id=\"cmsmasters_column_kieeyjepr\" class=\"cmsmasters_column one_half\">\n<div class=\"cmsmasters_column_inner\">\n<div id=\"cmsmasters_divider_hng6u67u4\" class=\"cmsmasters_divider cmsmasters_divider_width_long cmsmasters_divider_pos_left\"><\/div>\n<div id=\"cmsmasters_heading_acbzotpax\" class=\"cmsmasters_heading_wrap cmsmasters_heading_align_left\">\n\t<h2 class=\"cmsmasters_heading\">Proposte a misura di scuola<\/h2>\n<\/div>\n<div id=\"cmsmasters_divider_c0fzyf4qfl\" class=\"cmsmasters_divider cmsmasters_divider_width_long cmsmasters_divider_pos_left\"><\/div>\n<div class=\"cmsmasters_text\">\n<p>Per l\u2019anno scolastico <strong>2025\/2026<\/strong>, i Servizi Educativi propongono un ricco programma rivolto a <strong>scuole di ogni ordine e grado<\/strong>, con percorsi che uniscono:<\/p>\n<ul>\n<li><strong>narrazione e teatralizzazione<\/strong><\/li>\n<li><strong>laboratori creativi<\/strong><\/li>\n<li><strong>esperienze immersive in museo o a scuola (grazie al Museo Mobile)<\/strong><\/li>\n<li><strong>progetti speciali<\/strong> multidisciplinari e multimediali<\/li>\n<\/ul>\n<p>Ogni proposta \u00e8 pensata per stimolare lo sviluppo sensoriale, linguistico, espressivo, critico ed emotivo degli studenti, adattandosi alle caratteristiche delle diverse et\u00e0.<\/p>\n<p><strong>I Servizi Educativi di Fondazione Ravasio sono sostenuti dal contributo di Fondazione Comunit\u00e0 Bergamasca.<br \/>\nGli Istituti Scolastici potranno usufruire di una scontistica sulle proposte dell&#8217;a.s. 2025\/2026.<\/strong><\/p>\n<\/div>\n<\/div><\/div>\n<div id=\"cmsmasters_column_px83fhtew\" class=\"cmsmasters_column one_half\">\n<div class=\"cmsmasters_column_inner\">\n<div id=\"cmsmasters_divider_wrzavkmt6l\" class=\"cmsmasters_divider cmsmasters_divider_width_long cmsmasters_divider_pos_left\"><\/div>\n<div id=\"cmsmasters_heading_49kmf3lojv\" class=\"cmsmasters_heading_wrap cmsmasters_heading_align_left\">\n\t<h2 class=\"cmsmasters_heading\">Collaborazioni e rete<\/h2>\n<\/div>\n<div id=\"cmsmasters_divider_t5f4gzh77s\" class=\"cmsmasters_divider cmsmasters_divider_width_long cmsmasters_divider_pos_left\"><\/div>\n<div class=\"cmsmasters_text\">\n<p>Crediamo nel valore delle <strong>alleanze culturali<\/strong>: per questo, collaboriamo con importanti realt\u00e0 del territorio \u2013 tra cui <strong>Teatro Prova<\/strong>, <strong>Museo delle Storie di Bergamo<\/strong>, <strong>Fondazione Teatro Donizetti<\/strong>, <strong>Universit\u00e0 di Bergamo<\/strong>, <strong>NABA<\/strong> e <strong>Politecnico delle Arti<\/strong> \u2013 per offrire esperienze formative sempre pi\u00f9 ricche, inclusive e attuali.<\/p>\n<\/div>\n<div id=\"cmsmasters_heading_8iljwbc9zg\" class=\"cmsmasters_heading_wrap cmsmasters_heading_align_left\">\n\t<h3 class=\"cmsmasters_heading\">Teatro Prova<\/h3>\n<\/div><div class=\"cmsmasters_text\">\n<p>La collaborazione con Teatro Prova per l\u2019anno 2025\/2026 si esprime sia nelle proposte di laboratorio, con le visite teatralizzate, sia in una relazione di <strong>reciproca valorizzazione<\/strong>.\u00a0Le classi della scuola dell\u2019infanzia e della scuola primaria che prenoteranno una visita guidata al Museo del Burattino avranno diritto al\u00a0<strong>biglietto ridotto a 6 euro ad alunno\/a per gli spettacoli della Rassegna Scuolateatro 2025\/2026<\/strong>\u00a0al Teatro San Giorgio di Bergamo, previa prenotazione presso l\u2019Ufficio Scuola tel. 035 4243079\u00a0<a href=\"mailto:organizzazione@teatroprova.com\">organizzazione@teatroprova.com<\/a>.\u00a0Reciprocamente avranno diritto, in caso di partecipazione a uno spettacolo di Teatro Prova, a una riduzione sul biglietto d\u2019ingresso del\u00a0<strong>10%<\/strong>\u00a0al Museo.<\/p>\n<\/div>\n<div id=\"cmsmasters_heading_xjlm9sbacf\" class=\"cmsmasters_heading_wrap cmsmasters_heading_align_left\">\n\t<h3 class=\"cmsmasters_heading\">Museo delle Storie di Bergamo<\/h3>\n<\/div><div class=\"cmsmasters_text\">\n<p>Il rapporto progettuale per l\u2019anno scolastico 2025\/2026, si conferma e trova nuova declinazione nella produzione di <strong>due proposte laboratoriali<\/strong> capaci di mettere in relazione il portato contenutistico e educativo di entrambi gli enti e i loro patrimoni culturali: <em>Dalla piazza\u00a0 a Tik Tok<\/em>, e <em>Bergamo nel\u2019500<\/em>.<\/p>\n<\/div>\n<\/div><\/div>\n<\/div>\n<\/div>\n<\/div>\n<\/div>\n<\/div>\n\n","protected":false},"excerpt":{"rendered":"","protected":false},"author":1,"featured_media":0,"parent":0,"menu_order":0,"comment_status":"closed","ping_status":"closed","template":"","meta":{"footnotes":""},"class_list":["post-17953","page","type-page","status-publish","hentry"],"yoast_head":"<!-- This site is optimized with the Yoast SEO plugin v26.8 - https:\/\/yoast.com\/product\/yoast-seo-wordpress\/ -->\n<title>Didattica - Museo del Burattino - Museo del Burattino di Bergamo<\/title>\n<meta name=\"robots\" content=\"index, follow, max-snippet:-1, max-image-preview:large, max-video-preview:-1\" \/>\n<link rel=\"canonical\" href=\"https:\/\/fondazioneravasio.it\/museo\/didattica\/\" \/>\n<meta property=\"og:locale\" content=\"it_IT\" \/>\n<meta property=\"og:type\" content=\"article\" \/>\n<meta property=\"og:title\" content=\"Didattica - Museo del Burattino - Museo del Burattino di Bergamo\" \/>\n<meta property=\"og:url\" content=\"https:\/\/fondazioneravasio.it\/museo\/didattica\/\" \/>\n<meta property=\"og:site_name\" content=\"Museo del Burattino di Bergamo\" \/>\n<meta property=\"article:modified_time\" content=\"2025-06-19T14:21:25+00:00\" \/>\n<meta name=\"twitter:card\" content=\"summary_large_image\" \/>\n<meta name=\"twitter:label1\" content=\"Tempo di lettura stimato\" \/>\n\t<meta name=\"twitter:data1\" content=\"5 minuti\" \/>\n<script type=\"application\/ld+json\" class=\"yoast-schema-graph\">{\"@context\":\"https:\/\/schema.org\",\"@graph\":[{\"@type\":\"WebPage\",\"@id\":\"https:\/\/fondazioneravasio.it\/museo\/didattica\/\",\"url\":\"https:\/\/fondazioneravasio.it\/museo\/didattica\/\",\"name\":\"Didattica - Museo del Burattino - Museo del Burattino di Bergamo\",\"isPartOf\":{\"@id\":\"https:\/\/fondazioneravasio.it\/museo\/#website\"},\"datePublished\":\"2019-10-30T14:22:31+00:00\",\"dateModified\":\"2025-06-19T14:21:25+00:00\",\"breadcrumb\":{\"@id\":\"https:\/\/fondazioneravasio.it\/museo\/didattica\/#breadcrumb\"},\"inLanguage\":\"it-IT\",\"potentialAction\":[{\"@type\":\"ReadAction\",\"target\":[\"https:\/\/fondazioneravasio.it\/museo\/didattica\/\"]}]},{\"@type\":\"BreadcrumbList\",\"@id\":\"https:\/\/fondazioneravasio.it\/museo\/didattica\/#breadcrumb\",\"itemListElement\":[{\"@type\":\"ListItem\",\"position\":1,\"name\":\"Home\",\"item\":\"https:\/\/fondazioneravasio.it\/museo\/\"},{\"@type\":\"ListItem\",\"position\":2,\"name\":\"Didattica &#8211; Museo del Burattino\"}]},{\"@type\":\"WebSite\",\"@id\":\"https:\/\/fondazioneravasio.it\/museo\/#website\",\"url\":\"https:\/\/fondazioneravasio.it\/museo\/\",\"name\":\"Museo del Burattino di Bergamo\",\"description\":\"Un progetto realizzato grazie a Fondazione Benedetto Ravasio e Provincia di Bergamo\",\"potentialAction\":[{\"@type\":\"SearchAction\",\"target\":{\"@type\":\"EntryPoint\",\"urlTemplate\":\"https:\/\/fondazioneravasio.it\/museo\/?s={search_term_string}\"},\"query-input\":{\"@type\":\"PropertyValueSpecification\",\"valueRequired\":true,\"valueName\":\"search_term_string\"}}],\"inLanguage\":\"it-IT\"}]}<\/script>\n<!-- \/ Yoast SEO plugin. -->","yoast_head_json":{"title":"Didattica - Museo del Burattino - Museo del Burattino di Bergamo","robots":{"index":"index","follow":"follow","max-snippet":"max-snippet:-1","max-image-preview":"max-image-preview:large","max-video-preview":"max-video-preview:-1"},"canonical":"https:\/\/fondazioneravasio.it\/museo\/didattica\/","og_locale":"it_IT","og_type":"article","og_title":"Didattica - Museo del Burattino - Museo del Burattino di Bergamo","og_url":"https:\/\/fondazioneravasio.it\/museo\/didattica\/","og_site_name":"Museo del Burattino di Bergamo","article_modified_time":"2025-06-19T14:21:25+00:00","twitter_card":"summary_large_image","twitter_misc":{"Tempo di lettura stimato":"5 minuti"},"schema":{"@context":"https:\/\/schema.org","@graph":[{"@type":"WebPage","@id":"https:\/\/fondazioneravasio.it\/museo\/didattica\/","url":"https:\/\/fondazioneravasio.it\/museo\/didattica\/","name":"Didattica - Museo del Burattino - Museo del Burattino di Bergamo","isPartOf":{"@id":"https:\/\/fondazioneravasio.it\/museo\/#website"},"datePublished":"2019-10-30T14:22:31+00:00","dateModified":"2025-06-19T14:21:25+00:00","breadcrumb":{"@id":"https:\/\/fondazioneravasio.it\/museo\/didattica\/#breadcrumb"},"inLanguage":"it-IT","potentialAction":[{"@type":"ReadAction","target":["https:\/\/fondazioneravasio.it\/museo\/didattica\/"]}]},{"@type":"BreadcrumbList","@id":"https:\/\/fondazioneravasio.it\/museo\/didattica\/#breadcrumb","itemListElement":[{"@type":"ListItem","position":1,"name":"Home","item":"https:\/\/fondazioneravasio.it\/museo\/"},{"@type":"ListItem","position":2,"name":"Didattica &#8211; Museo del Burattino"}]},{"@type":"WebSite","@id":"https:\/\/fondazioneravasio.it\/museo\/#website","url":"https:\/\/fondazioneravasio.it\/museo\/","name":"Museo del Burattino di Bergamo","description":"Un progetto realizzato grazie a Fondazione Benedetto Ravasio e Provincia di Bergamo","potentialAction":[{"@type":"SearchAction","target":{"@type":"EntryPoint","urlTemplate":"https:\/\/fondazioneravasio.it\/museo\/?s={search_term_string}"},"query-input":{"@type":"PropertyValueSpecification","valueRequired":true,"valueName":"search_term_string"}}],"inLanguage":"it-IT"}]}},"_links":{"self":[{"href":"https:\/\/fondazioneravasio.it\/museo\/wp-json\/wp\/v2\/pages\/17953","targetHints":{"allow":["GET"]}}],"collection":[{"href":"https:\/\/fondazioneravasio.it\/museo\/wp-json\/wp\/v2\/pages"}],"about":[{"href":"https:\/\/fondazioneravasio.it\/museo\/wp-json\/wp\/v2\/types\/page"}],"author":[{"embeddable":true,"href":"https:\/\/fondazioneravasio.it\/museo\/wp-json\/wp\/v2\/users\/1"}],"replies":[{"embeddable":true,"href":"https:\/\/fondazioneravasio.it\/museo\/wp-json\/wp\/v2\/comments?post=17953"}],"version-history":[{"count":20,"href":"https:\/\/fondazioneravasio.it\/museo\/wp-json\/wp\/v2\/pages\/17953\/revisions"}],"predecessor-version":[{"id":18017,"href":"https:\/\/fondazioneravasio.it\/museo\/wp-json\/wp\/v2\/pages\/17953\/revisions\/18017"}],"wp:attachment":[{"href":"https:\/\/fondazioneravasio.it\/museo\/wp-json\/wp\/v2\/media?parent=17953"}],"curies":[{"name":"wp","href":"https:\/\/api.w.org\/{rel}","templated":true}]}}